{"id":38,"date":"2018-01-31T15:05:07","date_gmt":"2018-01-31T14:05:07","guid":{"rendered":"https:\/\/www.schaeferkalk.de\/hengen\/?page_id=38"},"modified":"2026-03-10T08:13:04","modified_gmt":"2026-03-10T07:13:04","slug":"das-vorhaben","status":"publish","type":"page","link":"https:\/\/www.schaeferkalk.de\/hengen\/das-vorhaben\/","title":{"rendered":"HENGEN"},"content":{"rendered":"<p>[et_pb_section fb_built=&#8220;1&#8243; _builder_version=&#8220;4.16&#8243; global_colors_info=&#8220;{}&#8220;][et_pb_row column_structure=&#8220;1_3,2_3&#8243; _builder_version=&#8220;4.16&#8243; global_colors_info=&#8220;{}&#8220;][et_pb_column type=&#8220;1_3&#8243; _builder_version=&#8220;4.16&#8243; custom_padding=&#8220;|||&#8220; global_colors_info=&#8220;{}&#8220; custom_padding__hover=&#8220;|||&#8220;][et_pb_text _builder_version=&#8220;4.19.4&#8243; text_font_size=&#8220;23px&#8220; header_text_color=&#8220;#666666&#8243; header_font_size=&#8220;23px&#8220; global_colors_info=&#8220;{}&#8220;]<\/p>\n<h1>UNSER<strong> VORHABEN<\/strong><\/h1>\n<p>[\/et_pb_text][\/et_pb_column][et_pb_column type=&#8220;2_3&#8243; _builder_version=&#8220;4.16&#8243; custom_padding=&#8220;|||&#8220; global_colors_info=&#8220;{}&#8220; custom_padding__hover=&#8220;|||&#8220;][et_pb_divider show_divider=&#8220;off&#8220; admin_label=&#8220;Teiler: blau&#8220; module_id=&#8220;vorhaben-haengen&#8220; _builder_version=&#8220;4.16&#8243; background_color=&#8220;#73c5e2&#8243; height=&#8220;9px&#8220; custom_margin=&#8220;10px|||&#8220; animation_style=&#8220;fold&#8220; animation_direction=&#8220;left&#8220; global_colors_info=&#8220;{}&#8220;][\/et_pb_divider][\/et_pb_column][\/et_pb_row][et_pb_row _builder_version=&#8220;4.16&#8243; global_colors_info=&#8220;{}&#8220;][et_pb_column type=&#8220;4_4&#8243; _builder_version=&#8220;4.16&#8243; custom_padding=&#8220;|||&#8220; global_colors_info=&#8220;{}&#8220; custom_padding__hover=&#8220;|||&#8220;][et_pb_text _builder_version=&#8220;4.19.4&#8243; global_colors_info=&#8220;{}&#8220;]<\/p>\n<p>Die Vorr\u00e4te im derzeit betriebenen Steinbruch \u201eSchneelsberg Nordost\u201c, zwischen den Ortschaften Hofen und Niedertiefenbach, werden in einigen Jahren aufgebraucht sein. Damit w\u00e4re eine Rohstoffversorgung fu\u0308r unser Werk in Steeden nicht mehr m\u00f6glich. Mit dem Aufschluss von \u201eHengen-Nord\u201c wollen wir die Versorgung nachhaltig sicherstellen.<\/p>\n<p>[\/et_pb_text][et_pb_image src=&#8220;https:\/\/www.schaeferkalk.de\/hengen\/wp-content\/uploads\/2019\/12\/Entfernungen_korr_web.jpg&#8220; alt=&#8220;Aufsicht Steinbruch Hengen&#8220; title_text=&#8220;Simulation des Steinbruchs Hengen aus der Vogelperspektive&#8220; show_in_lightbox=&#8220;on&#8220; align_tablet=&#8220;center&#8220; align_phone=&#8220;&#8220; align_last_edited=&#8220;on|desktop&#8220; _builder_version=&#8220;4.19.4&#8243; custom_margin=&#8220;||0px|||&#8220; always_center_on_mobile=&#8220;on&#8220; global_colors_info=&#8220;{}&#8220;][\/et_pb_image][et_pb_text _builder_version=&#8220;4.19.4&#8243; text_font_size=&#8220;10px&#8220; custom_padding=&#8220;||0px|||&#8220; global_colors_info=&#8220;{}&#8220;]<\/p>\n<p>Lage des geplanten Steinbruchs \u201eHengen-Nord\u201c: Das Abbaugebiet von oben mit den Entfernungen zu den umliegenden Ortschaften<\/p>\n<p>[\/et_pb_text][et_pb_text _builder_version=&#8220;4.27.4&#8243; header_3_font=&#8220;|||on|||||&#8220; header_3_text_color=&#8220;#666666&#8243; vertical_offset_tablet=&#8220;0&#8243; horizontal_offset_tablet=&#8220;0&#8243; z_index_tablet=&#8220;0&#8243; text_text_shadow_horizontal_length_tablet=&#8220;0px&#8220; text_text_shadow_vertical_length_tablet=&#8220;0px&#8220; text_text_shadow_blur_strength_tablet=&#8220;1px&#8220; link_text_shadow_horizontal_length_tablet=&#8220;0px&#8220; link_text_shadow_vertical_length_tablet=&#8220;0px&#8220; link_text_shadow_blur_strength_tablet=&#8220;1px&#8220; ul_text_shadow_horizontal_length_tablet=&#8220;0px&#8220; ul_text_shadow_vertical_length_tablet=&#8220;0px&#8220; ul_text_shadow_blur_strength_tablet=&#8220;1px&#8220; ol_text_shadow_horizontal_length_tablet=&#8220;0px&#8220; ol_text_shadow_vertical_length_tablet=&#8220;0px&#8220; ol_text_shadow_blur_strength_tablet=&#8220;1px&#8220; quote_text_shadow_horizontal_length_tablet=&#8220;0px&#8220; quote_text_shadow_vertical_length_tablet=&#8220;0px&#8220; quote_text_shadow_blur_strength_tablet=&#8220;1px&#8220; header_text_shadow_horizontal_length_tablet=&#8220;0px&#8220; header_text_shadow_vertical_length_tablet=&#8220;0px&#8220; header_text_shadow_blur_strength_tablet=&#8220;1px&#8220; header_2_text_shadow_horizontal_length_tablet=&#8220;0px&#8220; header_2_text_shadow_vertical_length_tablet=&#8220;0px&#8220; header_2_text_shadow_blur_strength_tablet=&#8220;1px&#8220; header_3_text_shadow_horizontal_length_tablet=&#8220;0px&#8220; header_3_text_shadow_vertical_length_tablet=&#8220;0px&#8220; header_3_text_shadow_blur_strength_tablet=&#8220;1px&#8220; header_4_text_shadow_horizontal_length_tablet=&#8220;0px&#8220; header_4_text_shadow_vertical_length_tablet=&#8220;0px&#8220; header_4_text_shadow_blur_strength_tablet=&#8220;1px&#8220; header_5_text_shadow_horizontal_length_tablet=&#8220;0px&#8220; header_5_text_shadow_vertical_length_tablet=&#8220;0px&#8220; header_5_text_shadow_blur_strength_tablet=&#8220;1px&#8220; header_6_text_shadow_horizontal_length_tablet=&#8220;0px&#8220; header_6_text_shadow_vertical_length_tablet=&#8220;0px&#8220; header_6_text_shadow_blur_strength_tablet=&#8220;1px&#8220; box_shadow_horizontal_tablet=&#8220;0px&#8220; box_shadow_vertical_tablet=&#8220;0px&#8220; box_shadow_blur_tablet=&#8220;40px&#8220; box_shadow_spread_tablet=&#8220;0px&#8220; global_colors_info=&#8220;{}&#8220;]<\/p>\n<p>Der geplante Steinbruch \u201eHengen-Nord\u201c liegt ca. 800 m nord\u00f6stlich von unserem jetzigen Steinbruch \u201eSchneelsberg Nordost\u201c zwischen den Ortschaften Niedertiefenbach, Schupbach und Eschenau. Zur Anbindung des geplanten Steinbruchs an die bestehenden betrieblichen Anlagen und das Kalkwerk ist der Bau einer F\u00f6rderstra\u00dfe bis zum bestehenden Steinbruch vorgesehen. Am 13. Dezember 2018 fand beim Regierungspr\u00e4sidium ein Scoping-Termin statt. Hier wurde zun\u00e4chst, unter Einbeziehung aller zu beteiligenden Beh\u00f6rden und Verb\u00e4nde, der Umfang des Antrags nach dem Bundes-Immissionsschutzgesetz festgelegt. Danach haben wir die erforderlichen Antragsunterlagen und Gutachten zusammengestellt. Am 21. Oktober 2019 haben wir dann die Antragsunterlagen bei der Genehmigungsbeh\u00f6rde in Gie\u00dfen eingereicht.<\/p>\n<p>Antragsgegenstand ist die immissionsrechtliche Genehmigung f\u00fcr die Errichtung und den Betrieb des geplanten Steinbruchs \u201eHengen-Nord\u201c (Abbaufl\u00e4che 16,1 ha) nach \u00a7 4 BImSchG. Von Ende April 2023 bis Januar 2026 lief das Genehmigungsverfahren.<\/p>\n<p>Seit dem 28. Januar 2026 liegt die immissionsschutzrechtlich Genehmigung f\u00fcr den Neuaufschluss des Kalksteinbruchs \u201eHengen Nord\u201c in Beselich sowie die \u00c4nderungsgenehmigung zur Teilverf\u00fcllung des bestehenden Steinbruchs \u201eSchneelsberg NO\u201c vor.<\/p>\n<p>&nbsp;<\/p>\n<h3>Die Zeitschiene<\/h3>\n<p>[\/et_pb_text][et_pb_image src=&#8220;https:\/\/www.schaeferkalk.de\/hengen\/wp-content\/uploads\/2026\/03\/Timeline-Hengen-ohne-Tonnen.png&#8220; _builder_version=&#8220;4.27.4&#8243; _module_preset=&#8220;default&#8220; title_text=&#8220;Timeline Hengen ohne Tonnen&#8220; hover_enabled=&#8220;0&#8243; sticky_enabled=&#8220;0&#8243;][\/et_pb_image][\/et_pb_column][\/et_pb_row][\/et_pb_section]<\/p>\n","protected":false},"excerpt":{"rendered":"<p>UNSER VORHABEN Die Vorr\u00e4te im derzeit betriebenen Steinbruch \u201eSchneelsberg Nordost\u201c, zwischen den Ortschaften Hofen und Niedertiefenbach, werden in einigen Jahren aufgebraucht sein. Damit w\u00e4re eine Rohstoffversorgung fu\u0308r unser Werk in Steeden nicht mehr m\u00f6glich. Mit dem Aufschluss von \u201eHengen-Nord\u201c wollen wir die Versorgung nachhaltig sicherstellen. Lage des geplanten Steinbruchs \u201eHengen-Nord\u201c: Das Abbaugebiet von oben mit [&hellip;]<\/p>\n","protected":false},"author":1,"featured_media":0,"parent":0,"menu_order":0,"comment_status":"closed","ping_status":"closed","template":"","meta":{"_et_pb_use_builder":"on","_et_pb_old_content":"","_et_gb_content_width":"","footnotes":""},"class_list":["post-38","page","type-page","status-publish","hentry"],"yoast_head":"<!-- This site is optimized with the Yoast SEO plugin v27.4 - https:\/\/yoast.com\/product\/yoast-seo-wordpress\/ -->\n<title>Das Vorhaben Steinbruch Hengen | SCHAEFER KALK<\/title>\n<meta name=\"description\" content=\"Um die Versorgung mit Kalkstein zu sichern, ist der Aufschluss einer neuen Abbaufl\u00e4che geplant. Hier finden Sie weitere Einzelheiten dazu, die geplante Zeitschiene, Simulationen zum Abbauzustand sowie Gutachten f\u00fcr Hengen.\" \/>\n<meta name=\"robots\" content=\"index, follow, max-snippet:-1, max-image-preview:large, max-video-preview:-1\" \/>\n<link rel=\"canonical\" href=\"https:\/\/www.schaeferkalk.de\/hengen\/das-vorhaben\/\" \/>\n<meta property=\"og:locale\" content=\"de_DE\" \/>\n<meta property=\"og:type\" content=\"article\" \/>\n<meta property=\"og:title\" content=\"Das Vorhaben Steinbruch Hengen | SCHAEFER KALK\" \/>\n<meta property=\"og:description\" content=\"Um die Versorgung mit Kalkstein zu sichern, ist der Aufschluss einer neuen Abbaufl\u00e4che geplant. Hier finden Sie weitere Einzelheiten dazu, die geplante Zeitschiene, Simulationen zum Abbauzustand sowie Gutachten f\u00fcr Hengen.\" \/>\n<meta property=\"og:url\" content=\"https:\/\/www.schaeferkalk.de\/hengen\/das-vorhaben\/\" \/>\n<meta property=\"og:site_name\" content=\"Hengen\" \/>\n<meta property=\"article:modified_time\" content=\"2026-03-10T07:13:04+00:00\" \/>\n<meta name=\"twitter:card\" content=\"summary_large_image\" \/>\n<meta name=\"twitter:label1\" content=\"Gesch\u00e4tzte Lesezeit\" \/>\n\t<meta name=\"twitter:data1\" content=\"2\u00a0Minuten\" \/>\n<script type=\"application\/ld+json\" class=\"yoast-schema-graph\">{\"@context\":\"https:\\\/\\\/schema.org\",\"@graph\":[{\"@type\":\"WebPage\",\"@id\":\"https:\\\/\\\/www.schaeferkalk.de\\\/hengen\\\/das-vorhaben\\\/\",\"url\":\"https:\\\/\\\/www.schaeferkalk.de\\\/hengen\\\/das-vorhaben\\\/\",\"name\":\"Das Vorhaben Steinbruch Hengen | SCHAEFER KALK\",\"isPartOf\":{\"@id\":\"https:\\\/\\\/www.schaeferkalk.de\\\/hengen\\\/#website\"},\"datePublished\":\"2018-01-31T14:05:07+00:00\",\"dateModified\":\"2026-03-10T07:13:04+00:00\",\"description\":\"Um die Versorgung mit Kalkstein zu sichern, ist der Aufschluss einer neuen Abbaufl\u00e4che geplant. Hier finden Sie weitere Einzelheiten dazu, die geplante Zeitschiene, Simulationen zum Abbauzustand sowie Gutachten f\u00fcr Hengen.\",\"breadcrumb\":{\"@id\":\"https:\\\/\\\/www.schaeferkalk.de\\\/hengen\\\/das-vorhaben\\\/#breadcrumb\"},\"inLanguage\":\"de\",\"potentialAction\":[{\"@type\":\"ReadAction\",\"target\":[\"https:\\\/\\\/www.schaeferkalk.de\\\/hengen\\\/das-vorhaben\\\/\"]}]},{\"@type\":\"BreadcrumbList\",\"@id\":\"https:\\\/\\\/www.schaeferkalk.de\\\/hengen\\\/das-vorhaben\\\/#breadcrumb\",\"itemListElement\":[{\"@type\":\"ListItem\",\"position\":1,\"name\":\"Startseite\",\"item\":\"https:\\\/\\\/www.schaeferkalk.de\\\/hengen\\\/\"},{\"@type\":\"ListItem\",\"position\":2,\"name\":\"HENGEN\"}]},{\"@type\":\"WebSite\",\"@id\":\"https:\\\/\\\/www.schaeferkalk.de\\\/hengen\\\/#website\",\"url\":\"https:\\\/\\\/www.schaeferkalk.de\\\/hengen\\\/\",\"name\":\"Hengen\",\"description\":\"Informationen zum Steinbruch Hengen\",\"potentialAction\":[{\"@type\":\"SearchAction\",\"target\":{\"@type\":\"EntryPoint\",\"urlTemplate\":\"https:\\\/\\\/www.schaeferkalk.de\\\/hengen\\\/?s={search_term_string}\"},\"query-input\":{\"@type\":\"PropertyValueSpecification\",\"valueRequired\":true,\"valueName\":\"search_term_string\"}}],\"inLanguage\":\"de\"}]}<\/script>\n<!-- \/ Yoast SEO plugin. -->","yoast_head_json":{"title":"Das Vorhaben Steinbruch Hengen | SCHAEFER KALK","description":"Um die Versorgung mit Kalkstein zu sichern, ist der Aufschluss einer neuen Abbaufl\u00e4che geplant. Hier finden Sie weitere Einzelheiten dazu, die geplante Zeitschiene, Simulationen zum Abbauzustand sowie Gutachten f\u00fcr Hengen.","robots":{"index":"index","follow":"follow","max-snippet":"max-snippet:-1","max-image-preview":"max-image-preview:large","max-video-preview":"max-video-preview:-1"},"canonical":"https:\/\/www.schaeferkalk.de\/hengen\/das-vorhaben\/","og_locale":"de_DE","og_type":"article","og_title":"Das Vorhaben Steinbruch Hengen | SCHAEFER KALK","og_description":"Um die Versorgung mit Kalkstein zu sichern, ist der Aufschluss einer neuen Abbaufl\u00e4che geplant. Hier finden Sie weitere Einzelheiten dazu, die geplante Zeitschiene, Simulationen zum Abbauzustand sowie Gutachten f\u00fcr Hengen.","og_url":"https:\/\/www.schaeferkalk.de\/hengen\/das-vorhaben\/","og_site_name":"Hengen","article_modified_time":"2026-03-10T07:13:04+00:00","twitter_card":"summary_large_image","twitter_misc":{"Gesch\u00e4tzte Lesezeit":"2\u00a0Minuten"},"schema":{"@context":"https:\/\/schema.org","@graph":[{"@type":"WebPage","@id":"https:\/\/www.schaeferkalk.de\/hengen\/das-vorhaben\/","url":"https:\/\/www.schaeferkalk.de\/hengen\/das-vorhaben\/","name":"Das Vorhaben Steinbruch Hengen | SCHAEFER KALK","isPartOf":{"@id":"https:\/\/www.schaeferkalk.de\/hengen\/#website"},"datePublished":"2018-01-31T14:05:07+00:00","dateModified":"2026-03-10T07:13:04+00:00","description":"Um die Versorgung mit Kalkstein zu sichern, ist der Aufschluss einer neuen Abbaufl\u00e4che geplant. Hier finden Sie weitere Einzelheiten dazu, die geplante Zeitschiene, Simulationen zum Abbauzustand sowie Gutachten f\u00fcr Hengen.","breadcrumb":{"@id":"https:\/\/www.schaeferkalk.de\/hengen\/das-vorhaben\/#breadcrumb"},"inLanguage":"de","potentialAction":[{"@type":"ReadAction","target":["https:\/\/www.schaeferkalk.de\/hengen\/das-vorhaben\/"]}]},{"@type":"BreadcrumbList","@id":"https:\/\/www.schaeferkalk.de\/hengen\/das-vorhaben\/#breadcrumb","itemListElement":[{"@type":"ListItem","position":1,"name":"Startseite","item":"https:\/\/www.schaeferkalk.de\/hengen\/"},{"@type":"ListItem","position":2,"name":"HENGEN"}]},{"@type":"WebSite","@id":"https:\/\/www.schaeferkalk.de\/hengen\/#website","url":"https:\/\/www.schaeferkalk.de\/hengen\/","name":"Hengen","description":"Informationen zum Steinbruch Hengen","potentialAction":[{"@type":"SearchAction","target":{"@type":"EntryPoint","urlTemplate":"https:\/\/www.schaeferkalk.de\/hengen\/?s={search_term_string}"},"query-input":{"@type":"PropertyValueSpecification","valueRequired":true,"valueName":"search_term_string"}}],"inLanguage":"de"}]}},"_links":{"self":[{"href":"https:\/\/www.schaeferkalk.de\/hengen\/wp-json\/wp\/v2\/pages\/38","targetHints":{"allow":["GET"]}}],"collection":[{"href":"https:\/\/www.schaeferkalk.de\/hengen\/wp-json\/wp\/v2\/pages"}],"about":[{"href":"https:\/\/www.schaeferkalk.de\/hengen\/wp-json\/wp\/v2\/types\/page"}],"author":[{"embeddable":true,"href":"https:\/\/www.schaeferkalk.de\/hengen\/wp-json\/wp\/v2\/users\/1"}],"replies":[{"embeddable":true,"href":"https:\/\/www.schaeferkalk.de\/hengen\/wp-json\/wp\/v2\/comments?post=38"}],"version-history":[{"count":103,"href":"https:\/\/www.schaeferkalk.de\/hengen\/wp-json\/wp\/v2\/pages\/38\/revisions"}],"predecessor-version":[{"id":1147,"href":"https:\/\/www.schaeferkalk.de\/hengen\/wp-json\/wp\/v2\/pages\/38\/revisions\/1147"}],"wp:attachment":[{"href":"https:\/\/www.schaeferkalk.de\/hengen\/wp-json\/wp\/v2\/media?parent=38"}],"curies":[{"name":"wp","href":"https:\/\/api.w.org\/{rel}","templated":true}]}}